{"id":656,"date":"2022-08-18T10:27:02","date_gmt":"2022-08-18T10:27:02","guid":{"rendered":"http:\/\/hotelveintiuno.com.s111-117.furanet.com\/?page_id=656"},"modified":"2023-03-01T17:39:14","modified_gmt":"2023-03-01T17:39:14","slug":"servicios","status":"publish","type":"page","link":"https:\/\/hotelveintiuno.com\/es\/servicios\/","title":{"rendered":"Servicios"},"content":{"rendered":"\t\t<div data-elementor-type=\"wp-page\" data-elementor-id=\"656\" class=\"elementor elementor-656\" data-elementor-post-type=\"page\">\n\t\t\t\t\t\t<section class=\"elementor-section elementor-top-section elementor-element elementor-element-48d1950f elementor-section-content-middle elementor-section-stretched elementor-section-full_width elementor-section-height-default elementor-section-height-default\" data-id=\"48d1950f\" data-element_type=\"section\" data-e-type=\"section\" data-settings=\"{&quot;stretch_section&quot;:&quot;section-stretched&quot;}\">\n\t\t\t\t\t\t<div class=\"elementor-container elementor-column-gap-no\">\n\t\t\t\t\t<div class=\"elementor-column elementor-col-100 elementor-top-column elementor-element elementor-element-72967ca5\" data-id=\"72967ca5\" data-element_type=\"column\" data-e-type=\"column\">\n\t\t\t<div class=\"elementor-widget-wrap elementor-element-populated\">\n\t\t\t\t\t\t<div class=\"elementor-element elementor-element-d6cfbee elementor-hidden-mobile elementor-widget elementor-widget-shortcode\" data-id=\"d6cfbee\" data-element_type=\"widget\" data-e-type=\"widget\" data-widget_type=\"shortcode.default\">\n\t\t\t\t<div class=\"elementor-widget-container\">\n\t\t\t\t\t\t\t<div class=\"elementor-shortcode\">\n\n\n\n<div id=\"roi-engine-container\"\r\n     class=\"roi-engine-container\">\r\n    <div id=\"roi-engine-loading\" style=\"text-align: center; width: 100%; height: 113px; padding-top: 25px;\">\r\n        <img decoding=\"async\" data-src=\"https:\/\/hotelveintiuno.backhotelite.com\/roi-widgets\/static\/img\/loading_widget.gif\" width=\"64\" height=\"64\" src=\"data:image\/svg+xml;base64,PHN2ZyB3aWR0aD0iMSIgaGVpZ2h0PSIxIiB4bWxucz0iaHR0cDovL3d3dy53My5vcmcvMjAwMC9zdmciPjwvc3ZnPg==\" class=\"lazyload\" style=\"--smush-placeholder-width: 64px; --smush-placeholder-aspect-ratio: 64\/64;\" \/>\r\n    <\/div>\r\n<\/div>\r\n<script>\r\n    (function(r,o,i){\r\n        var h=r.getElementsByTagName(o)[0],e=r.createElement(o);\r\n        e.src='https:\/\/hotelveintiuno.backhotelite.com\/es\/roi-widgets\/engine.js?lang=es';\r\n        h.parentNode.insertBefore(e,h);\r\n    })(document,'script','');\r\n<\/script>\n\n<\/div>\n\t\t\t\t\t\t<\/div>\n\t\t\t\t<\/div>\n\t\t\t\t<div class=\"elementor-element elementor-element-67915bba elementor-widget elementor-widget-heading\" data-id=\"67915bba\" data-element_type=\"widget\" data-e-type=\"widget\" data-widget_type=\"heading.default\">\n\t\t\t\t<div class=\"elementor-widget-container\">\n\t\t\t\t\t<h3 class=\"elementor-heading-title elementor-size-default\">HOTEL VEINTIUNO<\/h3>\t\t\t\t<\/div>\n\t\t\t\t<\/div>\n\t\t\t\t<div class=\"elementor-element elementor-element-5400de87 elementor-widget-divider--view-line elementor-widget elementor-widget-divider\" data-id=\"5400de87\" data-element_type=\"widget\" data-e-type=\"widget\" data-widget_type=\"divider.default\">\n\t\t\t\t<div class=\"elementor-widget-container\">\n\t\t\t\t\t\t\t<div class=\"elementor-divider\">\n\t\t\t<span class=\"elementor-divider-separator\">\n\t\t\t\t\t\t<\/span>\n\t\t<\/div>\n\t\t\t\t\t\t<\/div>\n\t\t\t\t<\/div>\n\t\t\t\t<div class=\"elementor-element elementor-element-f037efb elementor-widget elementor-widget-text-editor\" data-id=\"f037efb\" data-element_type=\"widget\" data-e-type=\"widget\" data-widget_type=\"text-editor.default\">\n\t\t\t\t<div class=\"elementor-widget-container\">\n\t\t\t\t\t\t\t\t\t<p style=\"text-align: justify;\">VEINTIUNO sorprende a todos nuestros clientes por su servicio, consiguiendo el complemento perfecto para su estancia.<\/p>\n<p style=\"text-align: left;\">Cualquier cosa que necesiten nuestros clientes pueden transmitir sus deseos a nuestro equipo.<\/p>\t\t\t\t\t\t\t\t<\/div>\n\t\t\t\t<\/div>\n\t\t\t\t<div class=\"elementor-element elementor-element-c711d9d elementor-widget elementor-widget-bdt-post-grid\" data-id=\"c711d9d\" data-element_type=\"widget\" data-e-type=\"widget\" data-settings=\"{&quot;columns&quot;:&quot;3&quot;,&quot;columns_tablet&quot;:&quot;2&quot;,&quot;columns_mobile&quot;:&quot;1&quot;}\" data-widget_type=\"bdt-post-grid.bdt-carmie\">\n\t\t\t\t<div class=\"elementor-widget-container\">\n\t\t\t\t\t \n\t\t<div id=\"bdt-post-grid-c711d9d\" class=\"bdt-post-grid bdt-post-grid-skin-carmie\">\n\t  \t\t<div class=\"bdt-grid bdt-grid-small\" data-bdt-grid>\n\n\t\t\t\t\t\t\t\t\t\n\t\t            <div class=\"bdt-width-1-1 bdt-width-1-2@s bdt-width-1-3@m\">\n\t\t\t\t\t\t<div class=\"bdt-post-grid-item bdt-transition-toggle bdt-position-relative\">\n\t\t\t\t\t\t\t\t\n\t\t\t\t\t\t\t<div class=\"bdt-post-grid-img-wrap bdt-overflow-hidden\">\n\t\t\t\t<a href=\"https:\/\/hotelveintiuno.com\/es\/traslado-y-recogida-al-aeropuerto\/\" class=\"bdt-transition-scale-up bdt-background-cover bdt-transition-opaque bdt-flex lazyload\"  style=\"background-image:inherit\" data-bg-image=\"url(https:\/\/hotelveintiuno.com\/wp-content\/uploads\/2022\/08\/42976c8737368ba.jpg)\">\n  \t\t\t\t<\/a>\n\t\t\t<\/div>\n\t\t\t\t\t\t\t<div class=\"bdt-custom-overlay bdt-position-cover\"><\/div>\n\t\t\t\t\t  \t\t\n\t\t\t\t\t  \t\t<div class=\"bdt-post-grid-desc bdt-position-bottom-left\">\n\t\t\t\t\t\t  \t\t<div class=\"bdt-position-medium \">\n\t\t\t\t\t            \t\n\t\t\t\t\t\t\t\t\t<h2 class=\"bdt-post-grid-title\" >\n\t\t\t\t<a href=\"https:\/\/hotelveintiuno.com\/es\/traslado-y-recogida-al-aeropuerto\/\" class=\"bdt-post-grid-link\" >\n\t\t\t\t\tTraslado Y Recogida Al Aeropuerto\n\t\t\t\t<\/a>\n\t\t\t<\/h2>\n\t\t\t\t\t\t\t  \t\t<div class=\"bdt-transition-slide-bottom\">\n\t\t\t\t\t\t\t\t\t\t\t\t<div class=\"bdt-post-grid-excerpt\">\n\t\t\t<p>Traslado y recogida en el aeropuerto (de pago).<\/p>\n\t\t<\/div>\n\n\t\t\t\t\t\t\t\t\t\t<\/div>\n\t\t\t\t\t\t\t\t<\/div>\n\t\t\t\t\t\t\t<\/div>\n\n\t\t\t\t\t\t\t\n\t\t\t\t\t\t<\/div>\n\t\t            <\/div>\n\n\t\t\t\t\t\t\t\t\t\n\t\t            <div class=\"bdt-width-1-1 bdt-width-1-2@s bdt-width-1-3@m\">\n\t\t\t\t\t\t<div class=\"bdt-post-grid-item bdt-transition-toggle bdt-position-relative\">\n\t\t\t\t\t\t\t\t\n\t\t\t\t\t\t\t<div class=\"bdt-post-grid-img-wrap bdt-overflow-hidden\">\n\t\t\t\t<a href=\"https:\/\/hotelveintiuno.com\/es\/paquete-romantico\/\" class=\"bdt-transition-scale-up bdt-background-cover bdt-transition-opaque bdt-flex lazyload\"  style=\"background-image:inherit\" data-bg-image=\"url(https:\/\/hotelveintiuno.com\/wp-content\/uploads\/2022\/08\/204ee73842a03c5.jpg)\">\n  \t\t\t\t<\/a>\n\t\t\t<\/div>\n\t\t\t\t\t\t\t<div class=\"bdt-custom-overlay bdt-position-cover\"><\/div>\n\t\t\t\t\t  \t\t\n\t\t\t\t\t  \t\t<div class=\"bdt-post-grid-desc bdt-position-bottom-left\">\n\t\t\t\t\t\t  \t\t<div class=\"bdt-position-medium \">\n\t\t\t\t\t            \t\n\t\t\t\t\t\t\t\t\t<h2 class=\"bdt-post-grid-title bdt-post-grid-title\" >\n\t\t\t\t<a href=\"https:\/\/hotelveintiuno.com\/es\/paquete-romantico\/\" class=\"bdt-post-grid-link\" >\n\t\t\t\t\tPaquete Rom\u00e1ntico\n\t\t\t\t<\/a>\n\t\t\t<\/h2>\n\t\t\t\t\t\t\t  \t\t<div class=\"bdt-transition-slide-bottom\">\n\t\t\t\t\t\t\t\t\t\t\t\t<div class=\"bdt-post-grid-excerpt\">\n\t\t\t<p>Celebra con nosotros una ocasi\u00f3n especial, sorprende con experiencias que dejen huella. Botella de cava con servicio de champanera fr\u00eda, un elegante ramo multifloral y un detalle dulce de bombones gourmet, a entregar en la habitaci\u00f3n o en recepci\u00f3n. Precio de 80\u20ac.<\/p>\n\t\t<\/div>\n\n\t\t\t\t\t\t\t\t\t\t<\/div>\n\t\t\t\t\t\t\t\t<\/div>\n\t\t\t\t\t\t\t<\/div>\n\n\t\t\t\t\t\t\t\n\t\t\t\t\t\t<\/div>\n\t\t            <\/div>\n\n\t\t\t\t\t\t\t\t\t\n\t\t            <div class=\"bdt-width-1-1 bdt-width-1-2@s bdt-width-1-3@m\">\n\t\t\t\t\t\t<div class=\"bdt-post-grid-item bdt-transition-toggle bdt-position-relative\">\n\t\t\t\t\t\t\t\t\n\t\t\t\t\t\t\t<div class=\"bdt-post-grid-img-wrap bdt-overflow-hidden\">\n\t\t\t\t<a href=\"https:\/\/hotelveintiuno.com\/es\/rooftop-bar\/\" class=\"bdt-transition-scale-up bdt-background-cover bdt-transition-opaque bdt-flex lazyload\"  style=\"background-image:inherit\" data-bg-image=\"url(https:\/\/hotelveintiuno.com\/wp-content\/uploads\/2022\/08\/rooftop.jpg)\">\n  \t\t\t\t<\/a>\n\t\t\t<\/div>\n\t\t\t\t\t\t\t<div class=\"bdt-custom-overlay bdt-position-cover\"><\/div>\n\t\t\t\t\t  \t\t\n\t\t\t\t\t  \t\t<div class=\"bdt-post-grid-desc bdt-position-bottom-left\">\n\t\t\t\t\t\t  \t\t<div class=\"bdt-position-medium \">\n\t\t\t\t\t            \t\n\t\t\t\t\t\t\t\t\t<h2 class=\"bdt-post-grid-title bdt-post-grid-title bdt-post-grid-title\" >\n\t\t\t\t<a href=\"https:\/\/hotelveintiuno.com\/es\/rooftop-bar\/\" class=\"bdt-post-grid-link\" >\n\t\t\t\t\tRooftop Bar\n\t\t\t\t<\/a>\n\t\t\t<\/h2>\n\t\t\t\t\t\t\t  \t\t<div class=\"bdt-transition-slide-bottom\">\n\t\t\t\t\t\t\t\t\t\t\t\t<div class=\"bdt-post-grid-excerpt\">\n\t\t\t<p>Contemple bellos atardeceres y la impresionante imagen de la Catedral de Santa Ana, mientras disfruta de una copa en nuestra terraza.<\/p>\n\t\t<\/div>\n\n\t\t\t\t\t\t\t\t\t\t<\/div>\n\t\t\t\t\t\t\t\t<\/div>\n\t\t\t\t\t\t\t<\/div>\n\n\t\t\t\t\t\t\t\n\t\t\t\t\t\t<\/div>\n\t\t            <\/div>\n\n\t\t\t\t\t\t\t\t\t\n\t\t            <div class=\"bdt-width-1-1 bdt-width-1-2@s bdt-width-1-3@m\">\n\t\t\t\t\t\t<div class=\"bdt-post-grid-item bdt-transition-toggle bdt-position-relative\">\n\t\t\t\t\t\t\t\t\n\t\t\t\t\t\t\t<div class=\"bdt-post-grid-img-wrap bdt-overflow-hidden\">\n\t\t\t\t<a href=\"https:\/\/hotelveintiuno.com\/es\/adaptacion-pmr\/\" class=\"bdt-transition-scale-up bdt-background-cover bdt-transition-opaque bdt-flex lazyload\"  style=\"background-image:inherit\" data-bg-image=\"url(https:\/\/hotelveintiuno.com\/wp-content\/uploads\/2022\/08\/ASCENSOR.jpg)\">\n  \t\t\t\t<\/a>\n\t\t\t<\/div>\n\t\t\t\t\t\t\t<div class=\"bdt-custom-overlay bdt-position-cover\"><\/div>\n\t\t\t\t\t  \t\t\n\t\t\t\t\t  \t\t<div class=\"bdt-post-grid-desc bdt-position-bottom-left\">\n\t\t\t\t\t\t  \t\t<div class=\"bdt-position-medium \">\n\t\t\t\t\t            \t\n\t\t\t\t\t\t\t\t\t<h2 class=\"bdt-post-grid-title bdt-post-grid-title bdt-post-grid-title bdt-post-grid-title\" >\n\t\t\t\t<a href=\"https:\/\/hotelveintiuno.com\/es\/adaptacion-pmr\/\" class=\"bdt-post-grid-link\" >\n\t\t\t\t\tAdaptaci\u00f3n PMR\n\t\t\t\t<\/a>\n\t\t\t<\/h2>\n\t\t\t\t\t\t\t  \t\t<div class=\"bdt-transition-slide-bottom\">\n\t\t\t\t\t\t\t\t\t\t\t\t<div class=\"bdt-post-grid-excerpt\">\n\t\t\t<p>El acceso principal al edificio se realiza a trav\u00e9s de una rampa de suave pendiente y el hotel cuenta con un ascensor panor\u00e1mico hasta el rooftop. En la planta noble, hemos adaptado una de nuestras habitaciones para personas con movilidad reducida.<\/p>\n\t\t<\/div>\n\n\t\t\t\t\t\t\t\t\t\t<\/div>\n\t\t\t\t\t\t\t\t<\/div>\n\t\t\t\t\t\t\t<\/div>\n\n\t\t\t\t\t\t\t\n\t\t\t\t\t\t<\/div>\n\t\t            <\/div>\n\n\t\t\t\t\t\t\t\t\t\n\t\t            <div class=\"bdt-width-1-1 bdt-width-1-2@s bdt-width-1-3@m\">\n\t\t\t\t\t\t<div class=\"bdt-post-grid-item bdt-transition-toggle bdt-position-relative\">\n\t\t\t\t\t\t\t\t\n\t\t\t\t\t\t\t<div class=\"bdt-post-grid-img-wrap bdt-overflow-hidden\">\n\t\t\t\t<a href=\"https:\/\/hotelveintiuno.com\/es\/piscina\/\" class=\"bdt-transition-scale-up bdt-background-cover bdt-transition-opaque bdt-flex lazyload\"  style=\"background-image:inherit\" data-bg-image=\"url(https:\/\/hotelveintiuno.com\/wp-content\/uploads\/2022\/09\/piscina.jpg)\">\n  \t\t\t\t<\/a>\n\t\t\t<\/div>\n\t\t\t\t\t\t\t<div class=\"bdt-custom-overlay bdt-position-cover\"><\/div>\n\t\t\t\t\t  \t\t\n\t\t\t\t\t  \t\t<div class=\"bdt-post-grid-desc bdt-position-bottom-left\">\n\t\t\t\t\t\t  \t\t<div class=\"bdt-position-medium \">\n\t\t\t\t\t            \t\n\t\t\t\t\t\t\t\t\t<h2 class=\"bdt-post-grid-title bdt-post-grid-title bdt-post-grid-title bdt-post-grid-title bdt-post-grid-title\" >\n\t\t\t\t<a href=\"https:\/\/hotelveintiuno.com\/es\/piscina\/\" class=\"bdt-post-grid-link\" >\n\t\t\t\t\tPiscina\n\t\t\t\t<\/a>\n\t\t\t<\/h2>\n\t\t\t\t\t\t\t  \t\t<div class=\"bdt-transition-slide-bottom\">\n\t\t\t\t\t\t\t\t\t\t\t\t<div class=\"bdt-post-grid-excerpt\">\n\t\t\t<p>La piscina de nuestro Hotel te ofrece un ba\u00f1o con vistas a la historia de Las Palmas. Con servicio de toallas y tumbonas.<\/p>\n\t\t<\/div>\n\n\t\t\t\t\t\t\t\t\t\t<\/div>\n\t\t\t\t\t\t\t\t<\/div>\n\t\t\t\t\t\t\t<\/div>\n\n\t\t\t\t\t\t\t\n\t\t\t\t\t\t<\/div>\n\t\t            <\/div>\n\n\t\t\t\t\t\t\t<\/div>\n\t\t<\/div>\n\t\n \t\t\t\t\t<div class=\"ep-pagination\">\n\t\t\t\t\t\t\t<\/div>\n\t\t\t\t\t\t\t<\/div>\n\t\t\t\t<\/div>\n\t\t\t\t\t<\/div>\n\t\t<\/div>\n\t\t\t\t\t<\/div>\n\t\t<\/section>\n\t\t\t\t<\/div>\n\t\t","protected":false},"excerpt":{"rendered":"<p>HOTEL VEINTIUNO VEINTIUNO sorprende a todos nuestros clientes por su servicio, consiguiendo el complemento perfecto para su estancia. Cualquier cosa que necesiten nuestros clientes pueden transmitir sus deseos a nuestro [&hellip;]<\/p>\n","protected":false},"author":2,"featured_media":0,"parent":0,"menu_order":0,"comment_status":"closed","ping_status":"closed","template":"elementor_theme","meta":{"_EventAllDay":false,"_EventTimezone":"","_EventStartDate":"","_EventEndDate":"","_EventStartDateUTC":"","_EventEndDateUTC":"","_EventShowMap":false,"_EventShowMapLink":false,"_EventURL":"","_EventCost":"","_EventCostDescription":"","_EventCurrencySymbol":"","_EventCurrencyCode":"","_EventCurrencyPosition":"","_EventDateTimeSeparator":"","_EventTimeRangeSeparator":"","_EventOrganizerID":[],"_EventVenueID":[],"_OrganizerEmail":"","_OrganizerPhone":"","_OrganizerWebsite":"","_VenueAddress":"","_VenueCity":"","_VenueCountry":"","_VenueProvince":"","_VenueState":"","_VenueZip":"","_VenuePhone":"","_VenueURL":"","_VenueStateProvince":"","_VenueLat":"","_VenueLng":"","_VenueShowMap":false,"_VenueShowMapLink":false,"_joinchat":[],"footnotes":""},"class_list":["post-656","page","type-page","status-publish","hentry"],"yoast_head":"<!-- This site is optimized with the Yoast SEO plugin v27.4 - https:\/\/yoast.com\/product\/yoast-seo-wordpress\/ -->\n<title>Servicios - Hotel VEINTIUNO | Las Palmas | Web Oficial<\/title>\n<meta name=\"robots\" content=\"index, follow, max-snippet:-1, max-image-preview:large, max-video-preview:-1\" \/>\n<link rel=\"canonical\" href=\"https:\/\/hotelveintiuno.com\/es\/servicios\/\" \/>\n<meta property=\"og:locale\" content=\"es_ES\" \/>\n<meta property=\"og:type\" content=\"article\" \/>\n<meta property=\"og:title\" content=\"Servicios - Hotel VEINTIUNO | Las Palmas | Web Oficial\" \/>\n<meta property=\"og:description\" content=\"HOTEL VEINTIUNO VEINTIUNO sorprende a todos nuestros clientes por su servicio, consiguiendo el complemento perfecto para su estancia. Cualquier cosa que necesiten nuestros clientes pueden transmitir sus deseos a nuestro [&hellip;]\" \/>\n<meta property=\"og:url\" content=\"https:\/\/hotelveintiuno.com\/es\/servicios\/\" \/>\n<meta property=\"og:site_name\" content=\"Hotel VEINTIUNO | Las Palmas | Web Oficial\" \/>\n<meta property=\"article:modified_time\" content=\"2023-03-01T17:39:14+00:00\" \/>\n<meta name=\"twitter:card\" content=\"summary_large_image\" \/>\n<meta name=\"twitter:label1\" content=\"Tiempo de lectura\" \/>\n\t<meta name=\"twitter:data1\" content=\"2 minutos\" \/>\n<script type=\"application\/ld+json\" class=\"yoast-schema-graph\">{\"@context\":\"https:\\\/\\\/schema.org\",\"@graph\":[{\"@type\":\"WebPage\",\"@id\":\"https:\\\/\\\/hotelveintiuno.com\\\/servicios\\\/\",\"url\":\"https:\\\/\\\/hotelveintiuno.com\\\/servicios\\\/\",\"name\":\"Servicios - Hotel VEINTIUNO | Las Palmas | Web Oficial\",\"isPartOf\":{\"@id\":\"https:\\\/\\\/hotelveintiuno.com\\\/es\\\/#website\"},\"datePublished\":\"2022-08-18T10:27:02+00:00\",\"dateModified\":\"2023-03-01T17:39:14+00:00\",\"breadcrumb\":{\"@id\":\"https:\\\/\\\/hotelveintiuno.com\\\/servicios\\\/#breadcrumb\"},\"inLanguage\":\"es\",\"potentialAction\":[{\"@type\":\"ReadAction\",\"target\":[\"https:\\\/\\\/hotelveintiuno.com\\\/servicios\\\/\"]}]},{\"@type\":\"BreadcrumbList\",\"@id\":\"https:\\\/\\\/hotelveintiuno.com\\\/servicios\\\/#breadcrumb\",\"itemListElement\":[{\"@type\":\"ListItem\",\"position\":1,\"name\":\"Portada\",\"item\":\"https:\\\/\\\/hotelveintiuno.com\\\/es\\\/\"},{\"@type\":\"ListItem\",\"position\":2,\"name\":\"Servicios\"}]},{\"@type\":\"WebSite\",\"@id\":\"https:\\\/\\\/hotelveintiuno.com\\\/es\\\/#website\",\"url\":\"https:\\\/\\\/hotelveintiuno.com\\\/es\\\/\",\"name\":\"Hotel VEINTIUNO | Las Palmas | Web Oficial\",\"description\":\"Te gustar\u00eda transportarte al siglo XVIII? No dudes en visitar Hotel VEINTIUNO, una hermosa casa colonial reconvertida en hotel Solo Adultos en Las Palmas.\",\"potentialAction\":[{\"@type\":\"SearchAction\",\"target\":{\"@type\":\"EntryPoint\",\"urlTemplate\":\"https:\\\/\\\/hotelveintiuno.com\\\/es\\\/?s={search_term_string}\"},\"query-input\":{\"@type\":\"PropertyValueSpecification\",\"valueRequired\":true,\"valueName\":\"search_term_string\"}}],\"inLanguage\":\"es\"}]}<\/script>\n<!-- \/ Yoast SEO plugin. -->","yoast_head_json":{"title":"Servicios - Hotel VEINTIUNO | Las Palmas | Web Oficial","robots":{"index":"index","follow":"follow","max-snippet":"max-snippet:-1","max-image-preview":"max-image-preview:large","max-video-preview":"max-video-preview:-1"},"canonical":"https:\/\/hotelveintiuno.com\/es\/servicios\/","og_locale":"es_ES","og_type":"article","og_title":"Servicios - Hotel VEINTIUNO | Las Palmas | Web Oficial","og_description":"HOTEL VEINTIUNO VEINTIUNO sorprende a todos nuestros clientes por su servicio, consiguiendo el complemento perfecto para su estancia. Cualquier cosa que necesiten nuestros clientes pueden transmitir sus deseos a nuestro [&hellip;]","og_url":"https:\/\/hotelveintiuno.com\/es\/servicios\/","og_site_name":"Hotel VEINTIUNO | Las Palmas | Web Oficial","article_modified_time":"2023-03-01T17:39:14+00:00","twitter_card":"summary_large_image","twitter_misc":{"Tiempo de lectura":"2 minutos"},"schema":{"@context":"https:\/\/schema.org","@graph":[{"@type":"WebPage","@id":"https:\/\/hotelveintiuno.com\/servicios\/","url":"https:\/\/hotelveintiuno.com\/servicios\/","name":"Servicios - Hotel VEINTIUNO | Las Palmas | Web Oficial","isPartOf":{"@id":"https:\/\/hotelveintiuno.com\/es\/#website"},"datePublished":"2022-08-18T10:27:02+00:00","dateModified":"2023-03-01T17:39:14+00:00","breadcrumb":{"@id":"https:\/\/hotelveintiuno.com\/servicios\/#breadcrumb"},"inLanguage":"es","potentialAction":[{"@type":"ReadAction","target":["https:\/\/hotelveintiuno.com\/servicios\/"]}]},{"@type":"BreadcrumbList","@id":"https:\/\/hotelveintiuno.com\/servicios\/#breadcrumb","itemListElement":[{"@type":"ListItem","position":1,"name":"Portada","item":"https:\/\/hotelveintiuno.com\/es\/"},{"@type":"ListItem","position":2,"name":"Servicios"}]},{"@type":"WebSite","@id":"https:\/\/hotelveintiuno.com\/es\/#website","url":"https:\/\/hotelveintiuno.com\/es\/","name":"Hotel VEINTIUNO | Las Palmas | Web Oficial","description":"Te gustar\u00eda transportarte al siglo XVIII? No dudes en visitar Hotel VEINTIUNO, una hermosa casa colonial reconvertida en hotel Solo Adultos en Las Palmas.","potentialAction":[{"@type":"SearchAction","target":{"@type":"EntryPoint","urlTemplate":"https:\/\/hotelveintiuno.com\/es\/?s={search_term_string}"},"query-input":{"@type":"PropertyValueSpecification","valueRequired":true,"valueName":"search_term_string"}}],"inLanguage":"es"}]}},"_links":{"self":[{"href":"https:\/\/hotelveintiuno.com\/es\/wp-json\/wp\/v2\/pages\/656","targetHints":{"allow":["GET"]}}],"collection":[{"href":"https:\/\/hotelveintiuno.com\/es\/wp-json\/wp\/v2\/pages"}],"about":[{"href":"https:\/\/hotelveintiuno.com\/es\/wp-json\/wp\/v2\/types\/page"}],"author":[{"embeddable":true,"href":"https:\/\/hotelveintiuno.com\/es\/wp-json\/wp\/v2\/users\/2"}],"replies":[{"embeddable":true,"href":"https:\/\/hotelveintiuno.com\/es\/wp-json\/wp\/v2\/comments?post=656"}],"version-history":[{"count":104,"href":"https:\/\/hotelveintiuno.com\/es\/wp-json\/wp\/v2\/pages\/656\/revisions"}],"predecessor-version":[{"id":2248,"href":"https:\/\/hotelveintiuno.com\/es\/wp-json\/wp\/v2\/pages\/656\/revisions\/2248"}],"wp:attachment":[{"href":"https:\/\/hotelveintiuno.com\/es\/wp-json\/wp\/v2\/media?parent=656"}],"curies":[{"name":"wp","href":"https:\/\/api.w.org\/{rel}","templated":true}]}}