{"id":1858,"date":"2022-12-03T19:10:41","date_gmt":"2022-12-03T19:10:41","guid":{"rendered":"http:\/\/hotelveintiuno.com.s111-117.furanet.com\/?page_id=1858"},"modified":"2024-04-08T16:42:37","modified_gmt":"2024-04-08T16:42:37","slug":"sobre-nosotros","status":"publish","type":"page","link":"https:\/\/hotelveintiuno.com\/es\/sobre-nosotros\/","title":{"rendered":"Con\u00f3cenos"},"content":{"rendered":"\t\t<div data-elementor-type=\"wp-page\" data-elementor-id=\"1858\" class=\"elementor elementor-1858\" data-elementor-post-type=\"page\">\n\t\t\t\t\t\t<section class=\"elementor-section elementor-top-section elementor-element elementor-element-48d1950f elementor-section-content-middle elementor-section-full_width elementor-section-stretched elementor-section-height-default elementor-section-height-default\" data-id=\"48d1950f\" data-element_type=\"section\" data-e-type=\"section\" data-settings=\"{&quot;stretch_section&quot;:&quot;section-stretched&quot;}\">\n\t\t\t\t\t\t<div class=\"elementor-container elementor-column-gap-no\">\n\t\t\t\t\t<div class=\"elementor-column elementor-col-100 elementor-top-column elementor-element elementor-element-72967ca5\" data-id=\"72967ca5\" data-element_type=\"column\" data-e-type=\"column\">\n\t\t\t<div class=\"elementor-widget-wrap elementor-element-populated\">\n\t\t\t\t\t\t<div class=\"elementor-element elementor-element-db5090e elementor-hidden-mobile elementor-widget elementor-widget-shortcode\" data-id=\"db5090e\" data-element_type=\"widget\" data-e-type=\"widget\" data-widget_type=\"shortcode.default\">\n\t\t\t\t<div class=\"elementor-widget-container\">\n\t\t\t\t\t\t\t<div class=\"elementor-shortcode\">\n\n\n\n<div id=\"roi-engine-container\"\r\n     class=\"roi-engine-container\">\r\n    <div id=\"roi-engine-loading\" style=\"text-align: center; width: 100%; height: 113px; padding-top: 25px;\">\r\n        <img decoding=\"async\" data-src=\"https:\/\/hotelveintiuno.backhotelite.com\/roi-widgets\/static\/img\/loading_widget.gif\" width=\"64\" height=\"64\" src=\"data:image\/svg+xml;base64,PHN2ZyB3aWR0aD0iMSIgaGVpZ2h0PSIxIiB4bWxucz0iaHR0cDovL3d3dy53My5vcmcvMjAwMC9zdmciPjwvc3ZnPg==\" class=\"lazyload\" style=\"--smush-placeholder-width: 64px; --smush-placeholder-aspect-ratio: 64\/64;\" \/>\r\n    <\/div>\r\n<\/div>\r\n<script>\r\n    (function(r,o,i){\r\n        var h=r.getElementsByTagName(o)[0],e=r.createElement(o);\r\n        e.src='https:\/\/hotelveintiuno.backhotelite.com\/es\/roi-widgets\/engine.js?lang=es';\r\n        h.parentNode.insertBefore(e,h);\r\n    })(document,'script','');\r\n<\/script>\n\n<\/div>\n\t\t\t\t\t\t<\/div>\n\t\t\t\t<\/div>\n\t\t\t\t\t<\/div>\n\t\t<\/div>\n\t\t\t\t\t<\/div>\n\t\t<\/section>\n\t\t\t\t<section class=\"elementor-section elementor-top-section elementor-element elementor-element-2c47534a elementor-section-full_width elementor-section-stretched elementor-section-height-default elementor-section-height-default\" data-id=\"2c47534a\" data-element_type=\"section\" data-e-type=\"section\" data-settings=\"{&quot;stretch_section&quot;:&quot;section-stretched&quot;}\">\n\t\t\t\t\t\t<div class=\"elementor-container elementor-column-gap-default\">\n\t\t\t\t\t<div class=\"elementor-column elementor-col-50 elementor-top-column elementor-element elementor-element-47915d1\" data-id=\"47915d1\" data-element_type=\"column\" data-e-type=\"column\">\n\t\t\t<div class=\"elementor-widget-wrap elementor-element-populated\">\n\t\t\t\t\t\t<div class=\"elementor-element elementor-element-390cc632 elementor-widget elementor-widget-image\" data-id=\"390cc632\" data-element_type=\"widget\" data-e-type=\"widget\" data-widget_type=\"image.default\">\n\t\t\t\t<div class=\"elementor-widget-container\">\n\t\t\t\t\t\t\t\t\t\t\t\t\t\t\t<img fetchpriority=\"high\" decoding=\"async\" width=\"2000\" height=\"1333\" src=\"https:\/\/hotelveintiuno.com\/wp-content\/uploads\/2022\/08\/TERRAZA-8-1.jpg\" class=\"elementor-animation-grow attachment-full size-full wp-image-764\" alt=\"\" srcset=\"https:\/\/hotelveintiuno.com\/wp-content\/uploads\/2022\/08\/TERRAZA-8-1.jpg 2000w, https:\/\/hotelveintiuno.com\/wp-content\/uploads\/2022\/08\/TERRAZA-8-1-600x400.jpg 600w, https:\/\/hotelveintiuno.com\/wp-content\/uploads\/2022\/08\/TERRAZA-8-1-300x200.jpg 300w, https:\/\/hotelveintiuno.com\/wp-content\/uploads\/2022\/08\/TERRAZA-8-1-1024x682.jpg 1024w, https:\/\/hotelveintiuno.com\/wp-content\/uploads\/2022\/08\/TERRAZA-8-1-768x512.jpg 768w, https:\/\/hotelveintiuno.com\/wp-content\/uploads\/2022\/08\/TERRAZA-8-1-1536x1024.jpg 1536w, https:\/\/hotelveintiuno.com\/wp-content\/uploads\/2022\/08\/TERRAZA-8-1-540x360.jpg 540w, https:\/\/hotelveintiuno.com\/wp-content\/uploads\/2022\/08\/TERRAZA-8-1-272x182.jpg 272w\" sizes=\"(max-width: 2000px) 100vw, 2000px\" \/>\t\t\t\t\t\t\t\t\t\t\t\t\t\t\t<\/div>\n\t\t\t\t<\/div>\n\t\t\t\t\t<\/div>\n\t\t<\/div>\n\t\t\t\t<div class=\"elementor-column elementor-col-50 elementor-top-column elementor-element elementor-element-6a8a7eda\" data-id=\"6a8a7eda\" data-element_type=\"column\" data-e-type=\"column\">\n\t\t\t<div class=\"elementor-widget-wrap elementor-element-populated\">\n\t\t\t\t\t\t<div class=\"elementor-element elementor-element-7357568e elementor-widget elementor-widget-heading\" data-id=\"7357568e\" data-element_type=\"widget\" data-e-type=\"widget\" data-widget_type=\"heading.default\">\n\t\t\t\t<div class=\"elementor-widget-container\">\n\t\t\t\t\t<h6 class=\"elementor-heading-title elementor-size-default\">Qui\u00e9nes somos<\/h6>\t\t\t\t<\/div>\n\t\t\t\t<\/div>\n\t\t\t\t<div class=\"elementor-element elementor-element-101e969 elementor-widget elementor-widget-heading\" data-id=\"101e969\" data-element_type=\"widget\" data-e-type=\"widget\" data-widget_type=\"heading.default\">\n\t\t\t\t<div class=\"elementor-widget-container\">\n\t\t\t\t\t<h4 class=\"elementor-heading-title elementor-size-default\">Alexandra &amp; Paco<\/h4>\t\t\t\t<\/div>\n\t\t\t\t<\/div>\n\t\t\t\t<div class=\"elementor-element elementor-element-1a732ac9 elementor-widget-divider--view-line elementor-widget elementor-widget-divider\" data-id=\"1a732ac9\" data-element_type=\"widget\" data-e-type=\"widget\" data-widget_type=\"divider.default\">\n\t\t\t\t<div class=\"elementor-widget-container\">\n\t\t\t\t\t\t\t<div class=\"elementor-divider\">\n\t\t\t<span class=\"elementor-divider-separator\">\n\t\t\t\t\t\t<\/span>\n\t\t<\/div>\n\t\t\t\t\t\t<\/div>\n\t\t\t\t<\/div>\n\t\t\t\t<div class=\"elementor-element elementor-element-5d25cefd elementor-widget elementor-widget-text-editor\" data-id=\"5d25cefd\" data-element_type=\"widget\" data-e-type=\"widget\" data-widget_type=\"text-editor.default\">\n\t\t\t\t<div class=\"elementor-widget-container\">\n\t\t\t\t\t\t\t\t\t<p style=\"text-align: justify;\">Somos una pareja de emprendedores con un gran equipo, <strong>amantes de las cosas bien hechas, del mimo y m\u00e1ximo cuidado en los detalles<\/strong>. Tras vivir varios a\u00f1os en el extranjero, decidimos \u00a0regresar a Gran Canaria, para disfrutar de nuestra familia y donde poder desarrollar nuestra pasi\u00f3n por la hospitalidad. Nos enamoramos de esta hermosa casona del Siglo XVIII y sin perder el encanto original la reconvertimos en hotel, aport\u00e1ndole un estilo contempor\u00e1neo pero con gui\u00f1os al estilo n\u00f3rdico.<\/p><p style=\"text-align: justify;\">Nos encantar\u00eda darte la bienvenida a este hogar lejos del hogar y compartir contigo, no solo nuestro amor por lo que hacemos, sino lo que nuestra amable y acogedora ciudad te ofrece.<\/p><p style=\"text-align: justify;\"><strong>\u00a1Hasta pronto!<\/strong><\/p>\t\t\t\t\t\t\t\t<\/div>\n\t\t\t\t<\/div>\n\t\t\t\t\t<\/div>\n\t\t<\/div>\n\t\t\t\t\t<\/div>\n\t\t<\/section>\n\t\t\t\t<section class=\"elementor-section elementor-top-section elementor-element elementor-element-6323f083 elementor-section-full_width elementor-section-stretched elementor-section-height-default elementor-section-height-default\" data-id=\"6323f083\" data-element_type=\"section\" data-e-type=\"section\" data-settings=\"{&quot;stretch_section&quot;:&quot;section-stretched&quot;}\">\n\t\t\t\t\t\t<div class=\"elementor-container elementor-column-gap-default\">\n\t\t\t\t\t<div class=\"elementor-column elementor-col-50 elementor-top-column elementor-element elementor-element-f01c960\" data-id=\"f01c960\" data-element_type=\"column\" data-e-type=\"column\">\n\t\t\t<div class=\"elementor-widget-wrap elementor-element-populated\">\n\t\t\t\t\t\t<div class=\"elementor-element elementor-element-1df5fafd elementor-widget elementor-widget-heading\" data-id=\"1df5fafd\" data-element_type=\"widget\" data-e-type=\"widget\" data-widget_type=\"heading.default\">\n\t\t\t\t<div class=\"elementor-widget-container\">\n\t\t\t\t\t<h6 class=\"elementor-heading-title elementor-size-default\">VEINTIUNO<\/h6>\t\t\t\t<\/div>\n\t\t\t\t<\/div>\n\t\t\t\t<div class=\"elementor-element elementor-element-7de1e01a elementor-widget elementor-widget-heading\" data-id=\"7de1e01a\" data-element_type=\"widget\" data-e-type=\"widget\" data-widget_type=\"heading.default\">\n\t\t\t\t<div class=\"elementor-widget-container\">\n\t\t\t\t\t<h4 class=\"elementor-heading-title elementor-size-default\">Casa colonial<\/h4>\t\t\t\t<\/div>\n\t\t\t\t<\/div>\n\t\t\t\t<div class=\"elementor-element elementor-element-79d32a6a elementor-widget-divider--view-line elementor-widget elementor-widget-divider\" data-id=\"79d32a6a\" data-element_type=\"widget\" data-e-type=\"widget\" data-widget_type=\"divider.default\">\n\t\t\t\t<div class=\"elementor-widget-container\">\n\t\t\t\t\t\t\t<div class=\"elementor-divider\">\n\t\t\t<span class=\"elementor-divider-separator\">\n\t\t\t\t\t\t<\/span>\n\t\t<\/div>\n\t\t\t\t\t\t<\/div>\n\t\t\t\t<\/div>\n\t\t\t\t<div class=\"elementor-element elementor-element-6dd470ba elementor-widget elementor-widget-text-editor\" data-id=\"6dd470ba\" data-element_type=\"widget\" data-e-type=\"widget\" data-widget_type=\"text-editor.default\">\n\t\t\t\t<div class=\"elementor-widget-container\">\n\t\t\t\t\t\t\t\t\t<p><strong>Ubicado en el coraz\u00f3n del centro hist\u00f3rico de Las Palmas de Gran Canaria<\/strong>, se encuentra el hotel VEINTIUNO, en el barrio Vegueta, a tan s\u00f3lo unos pasos de la zona comercial de Triana. Rodeado de historia y cultura, desde el hotel podr\u00e1s conocer a pie los puntos m\u00e1s emblem\u00e1ticos y de inter\u00e9s de la ciudad y sumergirte en su ambiente y gastronom\u00eda recorriendo los mejores bares y restaurantes.<\/p><p><strong>Construido en una casa colonial de 1780<\/strong>, las habitaciones de este hotel boutique, ubicadas en torno a un patio central, han sido decoradas con mucho mimo, donde techos altos, muros de piedra originales y pisos de madera antiguos viven en perfecta armon\u00eda con piezas \u00fanicas de dise\u00f1o moderno y antig\u00fcedades familiares.<\/p><p><strong>Como punto fuerte<\/strong>, el Adults Only VEINTIUNO cuenta con una terraza chillout con una peque\u00f1a piscina al aire libre, con unas espectaculares vistas a la Catedral.<\/p>\t\t\t\t\t\t\t\t<\/div>\n\t\t\t\t<\/div>\n\t\t\t\t<div class=\"elementor-element elementor-element-184c2e61 elementor-widget elementor-widget-button\" data-id=\"184c2e61\" data-element_type=\"widget\" data-e-type=\"widget\" data-widget_type=\"button.default\">\n\t\t\t\t<div class=\"elementor-widget-container\">\n\t\t\t\t\t\t\t\t\t<div class=\"elementor-button-wrapper\">\n\t\t\t\t\t<a class=\"elementor-button elementor-button-link elementor-size-md\" href=\"https:\/\/hotelveintiuno.com\/nuestro-barrio\/\">\n\t\t\t\t\t\t<span class=\"elementor-button-content-wrapper\">\n\t\t\t\t\t\t\t\t\t<span class=\"elementor-button-text\">Descubre el barrio<\/span>\n\t\t\t\t\t<\/span>\n\t\t\t\t\t<\/a>\n\t\t\t\t<\/div>\n\t\t\t\t\t\t\t\t<\/div>\n\t\t\t\t<\/div>\n\t\t\t\t\t<\/div>\n\t\t<\/div>\n\t\t\t\t<div class=\"elementor-column elementor-col-50 elementor-top-column elementor-element elementor-element-5cc70d62\" data-id=\"5cc70d62\" data-element_type=\"column\" data-e-type=\"column\">\n\t\t\t<div class=\"elementor-widget-wrap elementor-element-populated\">\n\t\t\t\t\t\t<div class=\"elementor-element elementor-element-2198b370 elementor-widget elementor-widget-image\" data-id=\"2198b370\" data-element_type=\"widget\" data-e-type=\"widget\" data-widget_type=\"image.default\">\n\t\t\t\t<div class=\"elementor-widget-container\">\n\t\t\t\t\t\t\t\t\t\t\t\t\t\t\t<img decoding=\"async\" width=\"1333\" height=\"2000\" data-src=\"https:\/\/hotelveintiuno.com\/wp-content\/uploads\/2022\/10\/hotel-veintiuno2.jpg\" class=\"elementor-animation-grow attachment-full size-full wp-image-1721 lazyload\" alt=\"\" data-srcset=\"https:\/\/hotelveintiuno.com\/wp-content\/uploads\/2022\/10\/hotel-veintiuno2.jpg 1333w, https:\/\/hotelveintiuno.com\/wp-content\/uploads\/2022\/10\/hotel-veintiuno2-200x300.jpg 200w, https:\/\/hotelveintiuno.com\/wp-content\/uploads\/2022\/10\/hotel-veintiuno2-682x1024.jpg 682w, https:\/\/hotelveintiuno.com\/wp-content\/uploads\/2022\/10\/hotel-veintiuno2-768x1152.jpg 768w, https:\/\/hotelveintiuno.com\/wp-content\/uploads\/2022\/10\/hotel-veintiuno2-1024x1536.jpg 1024w, https:\/\/hotelveintiuno.com\/wp-content\/uploads\/2022\/10\/hotel-veintiuno2-600x900.jpg 600w\" data-sizes=\"(max-width: 1333px) 100vw, 1333px\" src=\"data:image\/svg+xml;base64,PHN2ZyB3aWR0aD0iMSIgaGVpZ2h0PSIxIiB4bWxucz0iaHR0cDovL3d3dy53My5vcmcvMjAwMC9zdmciPjwvc3ZnPg==\" style=\"--smush-placeholder-width: 1333px; --smush-placeholder-aspect-ratio: 1333\/2000;\" \/>\t\t\t\t\t\t\t\t\t\t\t\t\t\t\t<\/div>\n\t\t\t\t<\/div>\n\t\t\t\t\t<\/div>\n\t\t<\/div>\n\t\t\t\t\t<\/div>\n\t\t<\/section>\n\t\t\t\t<\/div>\n\t\t","protected":false},"excerpt":{"rendered":"<p>Qui\u00e9nes somos Alexandra &#038; Paco Somos una pareja de emprendedores con un gran equipo, amantes de las cosas bien hechas, del mimo y m\u00e1ximo cuidado en los detalles. Tras vivir [&hellip;]<\/p>\n","protected":false},"author":2,"featured_media":0,"parent":0,"menu_order":0,"comment_status":"closed","ping_status":"closed","template":"elementor_theme","meta":{"_EventAllDay":false,"_EventTimezone":"","_EventStartDate":"","_EventEndDate":"","_EventStartDateUTC":"","_EventEndDateUTC":"","_EventShowMap":false,"_EventShowMapLink":false,"_EventURL":"","_EventCost":"","_EventCostDescription":"","_EventCurrencySymbol":"","_EventCurrencyCode":"","_EventCurrencyPosition":"","_EventDateTimeSeparator":"","_EventTimeRangeSeparator":"","_EventOrganizerID":[],"_EventVenueID":[],"_OrganizerEmail":"","_OrganizerPhone":"","_OrganizerWebsite":"","_VenueAddress":"","_VenueCity":"","_VenueCountry":"","_VenueProvince":"","_VenueState":"","_VenueZip":"","_VenuePhone":"","_VenueURL":"","_VenueStateProvince":"","_VenueLat":"","_VenueLng":"","_VenueShowMap":false,"_VenueShowMapLink":false,"_joinchat":[],"footnotes":""},"class_list":["post-1858","page","type-page","status-publish","hentry"],"yoast_head":"<!-- This site is optimized with the Yoast SEO plugin v27.5 - https:\/\/yoast.com\/product\/yoast-seo-wordpress\/ -->\n<title>Con\u00f3cenos - Hotel VEINTIUNO | Las Palmas | Web Oficial<\/title>\n<meta name=\"description\" content=\"Te gustar\u00eda transportarte al siglo XVIII? No dudes en visitar Hotel VEINTIUNO, una hermosa casa colonial reconvertida en hotel Solo Adultos en Las Palmas.\" \/>\n<meta name=\"robots\" content=\"index, follow, max-snippet:-1, max-image-preview:large, max-video-preview:-1\" \/>\n<link rel=\"canonical\" href=\"https:\/\/hotelveintiuno.com\/es\/sobre-nosotros\/\" \/>\n<meta property=\"og:locale\" content=\"es_ES\" \/>\n<meta property=\"og:type\" content=\"article\" \/>\n<meta property=\"og:title\" content=\"Con\u00f3cenos - Hotel VEINTIUNO | Las Palmas | Web Oficial\" \/>\n<meta property=\"og:description\" content=\"Te gustar\u00eda transportarte al siglo XVIII? No dudes en visitar Hotel VEINTIUNO, una hermosa casa colonial reconvertida en hotel Solo Adultos en Las Palmas.\" \/>\n<meta property=\"og:url\" content=\"https:\/\/hotelveintiuno.com\/es\/sobre-nosotros\/\" \/>\n<meta property=\"og:site_name\" content=\"Hotel VEINTIUNO | Las Palmas | Web Oficial\" \/>\n<meta property=\"article:modified_time\" content=\"2024-04-08T16:42:37+00:00\" \/>\n<meta property=\"og:image\" content=\"https:\/\/hotelveintiuno.com\/wp-content\/uploads\/2022\/08\/TERRAZA-8-1.jpg\" \/>\n<meta name=\"twitter:card\" content=\"summary_large_image\" \/>\n<meta name=\"twitter:label1\" content=\"Tiempo de lectura\" \/>\n\t<meta name=\"twitter:data1\" content=\"2 minutos\" \/>\n<script type=\"application\/ld+json\" class=\"yoast-schema-graph\">{\"@context\":\"https:\\\/\\\/schema.org\",\"@graph\":[{\"@type\":\"WebPage\",\"@id\":\"https:\\\/\\\/hotelveintiuno.com\\\/es\\\/sobre-nosotros\\\/\",\"url\":\"https:\\\/\\\/hotelveintiuno.com\\\/es\\\/sobre-nosotros\\\/\",\"name\":\"Con\u00f3cenos - Hotel VEINTIUNO | Las Palmas | Web Oficial\",\"isPartOf\":{\"@id\":\"https:\\\/\\\/hotelveintiuno.com\\\/es\\\/#website\"},\"primaryImageOfPage\":{\"@id\":\"https:\\\/\\\/hotelveintiuno.com\\\/es\\\/sobre-nosotros\\\/#primaryimage\"},\"image\":{\"@id\":\"https:\\\/\\\/hotelveintiuno.com\\\/es\\\/sobre-nosotros\\\/#primaryimage\"},\"thumbnailUrl\":\"https:\\\/\\\/hotelveintiuno.com\\\/wp-content\\\/uploads\\\/2022\\\/08\\\/TERRAZA-8-1.jpg\",\"datePublished\":\"2022-12-03T19:10:41+00:00\",\"dateModified\":\"2024-04-08T16:42:37+00:00\",\"description\":\"Te gustar\u00eda transportarte al siglo XVIII? No dudes en visitar Hotel VEINTIUNO, una hermosa casa colonial reconvertida en hotel Solo Adultos en Las Palmas.\",\"breadcrumb\":{\"@id\":\"https:\\\/\\\/hotelveintiuno.com\\\/es\\\/sobre-nosotros\\\/#breadcrumb\"},\"inLanguage\":\"es\",\"potentialAction\":[{\"@type\":\"ReadAction\",\"target\":[\"https:\\\/\\\/hotelveintiuno.com\\\/es\\\/sobre-nosotros\\\/\"]}]},{\"@type\":\"ImageObject\",\"inLanguage\":\"es\",\"@id\":\"https:\\\/\\\/hotelveintiuno.com\\\/es\\\/sobre-nosotros\\\/#primaryimage\",\"url\":\"https:\\\/\\\/hotelveintiuno.com\\\/wp-content\\\/uploads\\\/2022\\\/08\\\/TERRAZA-8-1.jpg\",\"contentUrl\":\"https:\\\/\\\/hotelveintiuno.com\\\/wp-content\\\/uploads\\\/2022\\\/08\\\/TERRAZA-8-1.jpg\"},{\"@type\":\"BreadcrumbList\",\"@id\":\"https:\\\/\\\/hotelveintiuno.com\\\/es\\\/sobre-nosotros\\\/#breadcrumb\",\"itemListElement\":[{\"@type\":\"ListItem\",\"position\":1,\"name\":\"Portada\",\"item\":\"https:\\\/\\\/hotelveintiuno.com\\\/es\\\/\"},{\"@type\":\"ListItem\",\"position\":2,\"name\":\"Con\u00f3cenos\"}]},{\"@type\":\"WebSite\",\"@id\":\"https:\\\/\\\/hotelveintiuno.com\\\/es\\\/#website\",\"url\":\"https:\\\/\\\/hotelveintiuno.com\\\/es\\\/\",\"name\":\"Hotel VEINTIUNO | Las Palmas | Web Oficial\",\"description\":\"Te gustar\u00eda transportarte al siglo XVIII? No dudes en visitar Hotel VEINTIUNO, una hermosa casa colonial reconvertida en hotel Solo Adultos en Las Palmas.\",\"potentialAction\":[{\"@type\":\"SearchAction\",\"target\":{\"@type\":\"EntryPoint\",\"urlTemplate\":\"https:\\\/\\\/hotelveintiuno.com\\\/es\\\/?s={search_term_string}\"},\"query-input\":{\"@type\":\"PropertyValueSpecification\",\"valueRequired\":true,\"valueName\":\"search_term_string\"}}],\"inLanguage\":\"es\"}]}<\/script>\n<!-- \/ Yoast SEO plugin. -->","yoast_head_json":{"title":"Con\u00f3cenos - Hotel VEINTIUNO | Las Palmas | Web Oficial","description":"Te gustar\u00eda transportarte al siglo XVIII? No dudes en visitar Hotel VEINTIUNO, una hermosa casa colonial reconvertida en hotel Solo Adultos en Las Palmas.","robots":{"index":"index","follow":"follow","max-snippet":"max-snippet:-1","max-image-preview":"max-image-preview:large","max-video-preview":"max-video-preview:-1"},"canonical":"https:\/\/hotelveintiuno.com\/es\/sobre-nosotros\/","og_locale":"es_ES","og_type":"article","og_title":"Con\u00f3cenos - Hotel VEINTIUNO | Las Palmas | Web Oficial","og_description":"Te gustar\u00eda transportarte al siglo XVIII? No dudes en visitar Hotel VEINTIUNO, una hermosa casa colonial reconvertida en hotel Solo Adultos en Las Palmas.","og_url":"https:\/\/hotelveintiuno.com\/es\/sobre-nosotros\/","og_site_name":"Hotel VEINTIUNO | Las Palmas | Web Oficial","article_modified_time":"2024-04-08T16:42:37+00:00","og_image":[{"url":"https:\/\/hotelveintiuno.com\/wp-content\/uploads\/2022\/08\/TERRAZA-8-1.jpg","type":"","width":"","height":""}],"twitter_card":"summary_large_image","twitter_misc":{"Tiempo de lectura":"2 minutos"},"schema":{"@context":"https:\/\/schema.org","@graph":[{"@type":"WebPage","@id":"https:\/\/hotelveintiuno.com\/es\/sobre-nosotros\/","url":"https:\/\/hotelveintiuno.com\/es\/sobre-nosotros\/","name":"Con\u00f3cenos - Hotel VEINTIUNO | Las Palmas | Web Oficial","isPartOf":{"@id":"https:\/\/hotelveintiuno.com\/es\/#website"},"primaryImageOfPage":{"@id":"https:\/\/hotelveintiuno.com\/es\/sobre-nosotros\/#primaryimage"},"image":{"@id":"https:\/\/hotelveintiuno.com\/es\/sobre-nosotros\/#primaryimage"},"thumbnailUrl":"https:\/\/hotelveintiuno.com\/wp-content\/uploads\/2022\/08\/TERRAZA-8-1.jpg","datePublished":"2022-12-03T19:10:41+00:00","dateModified":"2024-04-08T16:42:37+00:00","description":"Te gustar\u00eda transportarte al siglo XVIII? No dudes en visitar Hotel VEINTIUNO, una hermosa casa colonial reconvertida en hotel Solo Adultos en Las Palmas.","breadcrumb":{"@id":"https:\/\/hotelveintiuno.com\/es\/sobre-nosotros\/#breadcrumb"},"inLanguage":"es","potentialAction":[{"@type":"ReadAction","target":["https:\/\/hotelveintiuno.com\/es\/sobre-nosotros\/"]}]},{"@type":"ImageObject","inLanguage":"es","@id":"https:\/\/hotelveintiuno.com\/es\/sobre-nosotros\/#primaryimage","url":"https:\/\/hotelveintiuno.com\/wp-content\/uploads\/2022\/08\/TERRAZA-8-1.jpg","contentUrl":"https:\/\/hotelveintiuno.com\/wp-content\/uploads\/2022\/08\/TERRAZA-8-1.jpg"},{"@type":"BreadcrumbList","@id":"https:\/\/hotelveintiuno.com\/es\/sobre-nosotros\/#breadcrumb","itemListElement":[{"@type":"ListItem","position":1,"name":"Portada","item":"https:\/\/hotelveintiuno.com\/es\/"},{"@type":"ListItem","position":2,"name":"Con\u00f3cenos"}]},{"@type":"WebSite","@id":"https:\/\/hotelveintiuno.com\/es\/#website","url":"https:\/\/hotelveintiuno.com\/es\/","name":"Hotel VEINTIUNO | Las Palmas | Web Oficial","description":"Te gustar\u00eda transportarte al siglo XVIII? No dudes en visitar Hotel VEINTIUNO, una hermosa casa colonial reconvertida en hotel Solo Adultos en Las Palmas.","potentialAction":[{"@type":"SearchAction","target":{"@type":"EntryPoint","urlTemplate":"https:\/\/hotelveintiuno.com\/es\/?s={search_term_string}"},"query-input":{"@type":"PropertyValueSpecification","valueRequired":true,"valueName":"search_term_string"}}],"inLanguage":"es"}]}},"_links":{"self":[{"href":"https:\/\/hotelveintiuno.com\/es\/wp-json\/wp\/v2\/pages\/1858","targetHints":{"allow":["GET"]}}],"collection":[{"href":"https:\/\/hotelveintiuno.com\/es\/wp-json\/wp\/v2\/pages"}],"about":[{"href":"https:\/\/hotelveintiuno.com\/es\/wp-json\/wp\/v2\/types\/page"}],"author":[{"embeddable":true,"href":"https:\/\/hotelveintiuno.com\/es\/wp-json\/wp\/v2\/users\/2"}],"replies":[{"embeddable":true,"href":"https:\/\/hotelveintiuno.com\/es\/wp-json\/wp\/v2\/comments?post=1858"}],"version-history":[{"count":20,"href":"https:\/\/hotelveintiuno.com\/es\/wp-json\/wp\/v2\/pages\/1858\/revisions"}],"predecessor-version":[{"id":2560,"href":"https:\/\/hotelveintiuno.com\/es\/wp-json\/wp\/v2\/pages\/1858\/revisions\/2560"}],"wp:attachment":[{"href":"https:\/\/hotelveintiuno.com\/es\/wp-json\/wp\/v2\/media?parent=1858"}],"curies":[{"name":"wp","href":"https:\/\/api.w.org\/{rel}","templated":true}]}}