{"id":681,"date":"2022-08-18T12:18:21","date_gmt":"2022-08-18T12:18:21","guid":{"rendered":"http:\/\/hotelveintiuno.com.s111-117.furanet.com\/?page_id=681"},"modified":"2023-02-12T11:13:17","modified_gmt":"2023-02-12T11:13:17","slug":"sostenibilidad","status":"publish","type":"page","link":"https:\/\/hotelveintiuno.com\/en\/sostenibilidad\/","title":{"rendered":"Sustainability"},"content":{"rendered":"\t\t<div data-elementor-type=\"wp-page\" data-elementor-id=\"681\" class=\"elementor elementor-681\" data-elementor-post-type=\"page\">\n\t\t\t\t\t\t<section class=\"elementor-section elementor-top-section elementor-element elementor-element-48d1950f elementor-section-content-middle elementor-section-full_width elementor-section-stretched elementor-section-height-default elementor-section-height-default\" data-id=\"48d1950f\" data-element_type=\"section\" data-e-type=\"section\" data-settings=\"{&quot;stretch_section&quot;:&quot;section-stretched&quot;}\">\n\t\t\t\t\t\t<div class=\"elementor-container elementor-column-gap-no\">\n\t\t\t\t\t<div class=\"elementor-column elementor-col-100 elementor-top-column elementor-element elementor-element-72967ca5\" data-id=\"72967ca5\" data-element_type=\"column\" data-e-type=\"column\">\n\t\t\t<div class=\"elementor-widget-wrap elementor-element-populated\">\n\t\t\t\t\t\t<div class=\"elementor-element elementor-element-90d8035 elementor-hidden-mobile elementor-widget elementor-widget-shortcode\" data-id=\"90d8035\" data-element_type=\"widget\" data-e-type=\"widget\" data-widget_type=\"shortcode.default\">\n\t\t\t\t<div class=\"elementor-widget-container\">\n\t\t\t\t\t\t\t<div class=\"elementor-shortcode\">\n\n<div id=\"roi-engine-container\"\r\n     class=\"roi-engine-container\">\r\n    <div id=\"roi-engine-loading\" style=\"text-align: center; width: 100%; height: 113px; padding-top: 25px;\">\r\n        <img decoding=\"async\" data-src=\"https:\/\/hotelveintiuno.backhotelite.com\/roi-widgets\/static\/img\/loading_widget.gif\" width=\"64\" height=\"64\" src=\"data:image\/svg+xml;base64,PHN2ZyB3aWR0aD0iMSIgaGVpZ2h0PSIxIiB4bWxucz0iaHR0cDovL3d3dy53My5vcmcvMjAwMC9zdmciPjwvc3ZnPg==\" class=\"lazyload\" style=\"--smush-placeholder-width: 64px; --smush-placeholder-aspect-ratio: 64\/64;\" \/>\r\n    <\/div>\r\n<\/div>\r\n<script>\r\n    (function(r,o,i){\r\n        var h=r.getElementsByTagName(o)[0],e=r.createElement(o);\r\n        e.src='https:\/\/hotelveintiuno.backhotelite.com\/en\/roi-widgets\/engine.js?lang=en';\r\n        h.parentNode.insertBefore(e,h);\r\n    })(document,'script','');\r\n<\/script>\r\n\n\n\n\n<\/div>\n\t\t\t\t\t\t<\/div>\n\t\t\t\t<\/div>\n\t\t\t\t<div class=\"elementor-element elementor-element-6b5ae25 elementor-widget elementor-widget-image\" data-id=\"6b5ae25\" data-element_type=\"widget\" data-e-type=\"widget\" data-widget_type=\"image.default\">\n\t\t\t\t<div class=\"elementor-widget-container\">\n\t\t\t\t\t\t\t\t\t\t\t\t\t\t\t<img decoding=\"async\" width=\"70\" height=\"70\" data-src=\"https:\/\/hotelveintiuno.com\/wp-content\/uploads\/2022\/08\/ac78dc509ecf9b5s70.png\" class=\"attachment-large size-large wp-image-683 lazyload\" alt=\"\" src=\"data:image\/svg+xml;base64,PHN2ZyB3aWR0aD0iMSIgaGVpZ2h0PSIxIiB4bWxucz0iaHR0cDovL3d3dy53My5vcmcvMjAwMC9zdmciPjwvc3ZnPg==\" style=\"--smush-placeholder-width: 70px; --smush-placeholder-aspect-ratio: 70\/70;\" \/>\t\t\t\t\t\t\t\t\t\t\t\t\t\t\t<\/div>\n\t\t\t\t<\/div>\n\t\t\t\t<div class=\"elementor-element elementor-element-67915bba elementor-widget elementor-widget-heading\" data-id=\"67915bba\" data-element_type=\"widget\" data-e-type=\"widget\" data-widget_type=\"heading.default\">\n\t\t\t\t<div class=\"elementor-widget-container\">\n\t\t\t\t\t<h3 class=\"elementor-heading-title elementor-size-default\">PROYECTO SOSTENIBLE<\/h3>\t\t\t\t<\/div>\n\t\t\t\t<\/div>\n\t\t\t\t<div class=\"elementor-element elementor-element-5400de87 elementor-widget-divider--view-line elementor-widget elementor-widget-divider\" data-id=\"5400de87\" data-element_type=\"widget\" data-e-type=\"widget\" data-widget_type=\"divider.default\">\n\t\t\t\t<div class=\"elementor-widget-container\">\n\t\t\t\t\t\t\t<div class=\"elementor-divider\">\n\t\t\t<span class=\"elementor-divider-separator\">\n\t\t\t\t\t\t<\/span>\n\t\t<\/div>\n\t\t\t\t\t\t<\/div>\n\t\t\t\t<\/div>\n\t\t\t\t<div class=\"elementor-element elementor-element-b4d5f67 elementor-widget elementor-widget-text-editor\" data-id=\"b4d5f67\" data-element_type=\"widget\" data-e-type=\"widget\" data-widget_type=\"text-editor.default\">\n\t\t\t\t<div class=\"elementor-widget-container\">\n\t\t\t\t\t\t\t\t\t<div style=\"text-align: justify;\"><p style=\"text-align: justify;\">Queremos construir un mundo mejor y por eso apostamos seriamente por todas aquellas acciones encaminadas a conseguirlo. Promovemos un turismo sostenible y defendemos todos aquellos valores de actuaci\u00f3n encaminados a proteger el medioambiente, el bienestar de nuestros empleados y la colaboraci\u00f3n con el desarrollo de la comunidad.<\/p><p style=\"text-align: left;\">Esta ha sido hasta ahora nuestra peque\u00f1a contribuci\u00f3n pero seguiremos sumando:<\/p><\/div>\t\t\t\t\t\t\t\t<\/div>\n\t\t\t\t<\/div>\n\t\t\t\t\t<\/div>\n\t\t<\/div>\n\t\t\t\t\t<\/div>\n\t\t<\/section>\n\t\t\t\t<section class=\"elementor-section elementor-top-section elementor-element elementor-element-92f321d elementor-section-full_width elementor-section-stretched elementor-section-height-default elementor-section-height-default\" data-id=\"92f321d\" data-element_type=\"section\" data-e-type=\"section\" data-settings=\"{&quot;stretch_section&quot;:&quot;section-stretched&quot;}\">\n\t\t\t\t\t\t<div class=\"elementor-container elementor-column-gap-default\">\n\t\t\t\t\t<div class=\"elementor-column elementor-col-50 elementor-top-column elementor-element elementor-element-5cb1a6b\" data-id=\"5cb1a6b\" data-element_type=\"column\" data-e-type=\"column\">\n\t\t\t<div class=\"elementor-widget-wrap elementor-element-populated\">\n\t\t\t\t\t\t<div class=\"elementor-element elementor-element-4695311 elementor-widget elementor-widget-image\" data-id=\"4695311\" data-element_type=\"widget\" data-e-type=\"widget\" data-widget_type=\"image.default\">\n\t\t\t\t<div class=\"elementor-widget-container\">\n\t\t\t\t\t\t\t\t\t\t\t\t\t\t\t<img fetchpriority=\"high\" decoding=\"async\" width=\"640\" height=\"400\" src=\"https:\/\/hotelveintiuno.com\/wp-content\/uploads\/2022\/09\/a2.jpg\" class=\"elementor-animation-grow attachment-full size-full wp-image-1219\" alt=\"\" srcset=\"https:\/\/hotelveintiuno.com\/wp-content\/uploads\/2022\/09\/a2.jpg 640w, https:\/\/hotelveintiuno.com\/wp-content\/uploads\/2022\/09\/a2-300x188.jpg 300w, https:\/\/hotelveintiuno.com\/wp-content\/uploads\/2022\/09\/a2-600x375.jpg 600w\" sizes=\"(max-width: 640px) 100vw, 640px\" \/>\t\t\t\t\t\t\t\t\t\t\t\t\t\t\t<\/div>\n\t\t\t\t<\/div>\n\t\t\t\t<div class=\"elementor-element elementor-element-729af94 elementor-widget elementor-widget-heading\" data-id=\"729af94\" data-element_type=\"widget\" data-e-type=\"widget\" data-widget_type=\"heading.default\">\n\t\t\t\t<div class=\"elementor-widget-container\">\n\t\t\t\t\t<h4 class=\"elementor-heading-title elementor-size-default\">Mise en place a medida<\/h4>\t\t\t\t<\/div>\n\t\t\t\t<\/div>\n\t\t\t\t<div class=\"elementor-element elementor-element-467721a elementor-widget-divider--view-line elementor-widget elementor-widget-divider\" data-id=\"467721a\" data-element_type=\"widget\" data-e-type=\"widget\" data-widget_type=\"divider.default\">\n\t\t\t\t<div class=\"elementor-widget-container\">\n\t\t\t\t\t\t\t<div class=\"elementor-divider\">\n\t\t\t<span class=\"elementor-divider-separator\">\n\t\t\t\t\t\t<\/span>\n\t\t<\/div>\n\t\t\t\t\t\t<\/div>\n\t\t\t\t<\/div>\n\t\t\t\t<div class=\"elementor-element elementor-element-bb5f845 elementor-widget elementor-widget-text-editor\" data-id=\"bb5f845\" data-element_type=\"widget\" data-e-type=\"widget\" data-widget_type=\"text-editor.default\">\n\t\t\t\t<div class=\"elementor-widget-container\">\n\t\t\t\t\t\t\t\t\t<div style=\"text-align: justify;\">La mise en place del desayuno se prepara cada ma\u00f1ana, de manera que ajustamos las elaboraciones al n\u00famero de hu\u00e9spedes alojados diariamente y reducimos al m\u00e1ximo los sobrantes.<\/div>\n<div style=\"text-align: left;\">Compramos diariamente productos frescos del mercado, priorizando todo aquello de Km0 y contribuimos de esta manera con el desarrollo de nuestra econom\u00eda insular.<\/div>\t\t\t\t\t\t\t\t<\/div>\n\t\t\t\t<\/div>\n\t\t\t\t\t<\/div>\n\t\t<\/div>\n\t\t\t\t<div class=\"elementor-column elementor-col-50 elementor-top-column elementor-element elementor-element-cf801eb\" data-id=\"cf801eb\" data-element_type=\"column\" data-e-type=\"column\">\n\t\t\t<div class=\"elementor-widget-wrap elementor-element-populated\">\n\t\t\t\t\t\t<div class=\"elementor-element elementor-element-bf2f8ac elementor-widget elementor-widget-image\" data-id=\"bf2f8ac\" data-element_type=\"widget\" data-e-type=\"widget\" data-widget_type=\"image.default\">\n\t\t\t\t<div class=\"elementor-widget-container\">\n\t\t\t\t\t\t\t\t\t\t\t\t\t\t\t<img decoding=\"async\" width=\"640\" height=\"400\" data-src=\"https:\/\/hotelveintiuno.com\/wp-content\/uploads\/2022\/09\/a3.jpg\" class=\"elementor-animation-grow attachment-full size-full wp-image-1220 lazyload\" alt=\"\" data-srcset=\"https:\/\/hotelveintiuno.com\/wp-content\/uploads\/2022\/09\/a3.jpg 640w, https:\/\/hotelveintiuno.com\/wp-content\/uploads\/2022\/09\/a3-300x188.jpg 300w, https:\/\/hotelveintiuno.com\/wp-content\/uploads\/2022\/09\/a3-600x375.jpg 600w\" data-sizes=\"(max-width: 640px) 100vw, 640px\" src=\"data:image\/svg+xml;base64,PHN2ZyB3aWR0aD0iMSIgaGVpZ2h0PSIxIiB4bWxucz0iaHR0cDovL3d3dy53My5vcmcvMjAwMC9zdmciPjwvc3ZnPg==\" style=\"--smush-placeholder-width: 640px; --smush-placeholder-aspect-ratio: 640\/400;\" \/>\t\t\t\t\t\t\t\t\t\t\t\t\t\t\t<\/div>\n\t\t\t\t<\/div>\n\t\t\t\t<div class=\"elementor-element elementor-element-4fc96c7 elementor-widget elementor-widget-heading\" data-id=\"4fc96c7\" data-element_type=\"widget\" data-e-type=\"widget\" data-widget_type=\"heading.default\">\n\t\t\t\t<div class=\"elementor-widget-container\">\n\t\t\t\t\t<h4 class=\"elementor-heading-title elementor-size-default\">Reducci\u00f3n del consumo de pl\u00e1sticos<\/h4>\t\t\t\t<\/div>\n\t\t\t\t<\/div>\n\t\t\t\t<div class=\"elementor-element elementor-element-9c8618d elementor-widget-divider--view-line elementor-widget elementor-widget-divider\" data-id=\"9c8618d\" data-element_type=\"widget\" data-e-type=\"widget\" data-widget_type=\"divider.default\">\n\t\t\t\t<div class=\"elementor-widget-container\">\n\t\t\t\t\t\t\t<div class=\"elementor-divider\">\n\t\t\t<span class=\"elementor-divider-separator\">\n\t\t\t\t\t\t<\/span>\n\t\t<\/div>\n\t\t\t\t\t\t<\/div>\n\t\t\t\t<\/div>\n\t\t\t\t<div class=\"elementor-element elementor-element-22bb91e elementor-widget elementor-widget-text-editor\" data-id=\"22bb91e\" data-element_type=\"widget\" data-e-type=\"widget\" data-widget_type=\"text-editor.default\">\n\t\t\t\t<div class=\"elementor-widget-container\">\n\t\t\t\t\t\t\t\t\t<div style=\"text-align: justify;\">Las botellas de agua de cortes\u00eda que entregamos a nuestros hu\u00e9spedes son de cristal y retornables para su correcto reciclado.<\/div>\n<div style=\"text-align: left;\">Las estancias de larga duraci\u00f3n reciben como regalo para sus excursiones, una botella de aluminio rellenables de agua directamente en el hotel y de esta manera frenamos la compra botellas de pl\u00e1stico.<\/div>\t\t\t\t\t\t\t\t<\/div>\n\t\t\t\t<\/div>\n\t\t\t\t\t<\/div>\n\t\t<\/div>\n\t\t\t\t\t<\/div>\n\t\t<\/section>\n\t\t\t\t<\/div>\n\t\t","protected":false},"excerpt":{"rendered":"<p>PROYECTO SOSTENIBLE Queremos construir un mundo mejor y por eso apostamos seriamente por todas aquellas acciones encaminadas a conseguirlo. Promovemos un turismo sostenible y defendemos todos aquellos valores de actuaci\u00f3n [&hellip;]<\/p>\n","protected":false},"author":2,"featured_media":0,"parent":0,"menu_order":0,"comment_status":"closed","ping_status":"closed","template":"elementor_theme","meta":{"_EventAllDay":false,"_EventTimezone":"","_EventStartDate":"","_EventEndDate":"","_EventStartDateUTC":"","_EventEndDateUTC":"","_EventShowMap":false,"_EventShowMapLink":false,"_EventURL":"","_EventCost":"","_EventCostDescription":"","_EventCurrencySymbol":"","_EventCurrencyCode":"","_EventCurrencyPosition":"","_EventDateTimeSeparator":"","_EventTimeRangeSeparator":"","_EventOrganizerID":[],"_EventVenueID":[],"_OrganizerEmail":"","_OrganizerPhone":"","_OrganizerWebsite":"","_VenueAddress":"","_VenueCity":"","_VenueCountry":"","_VenueProvince":"","_VenueState":"","_VenueZip":"","_VenuePhone":"","_VenueURL":"","_VenueStateProvince":"","_VenueLat":"","_VenueLng":"","_VenueShowMap":false,"_VenueShowMapLink":false,"_joinchat":[],"footnotes":""},"class_list":["post-681","page","type-page","status-publish","hentry"],"yoast_head":"<!-- This site is optimized with the Yoast SEO plugin v27.3 - https:\/\/yoast.com\/product\/yoast-seo-wordpress\/ -->\n<title>Sostenibilidad - Hotel VEINTIUNO | Las Palmas | Web Oficial<\/title>\n<meta name=\"robots\" content=\"index, follow, max-snippet:-1, max-image-preview:large, max-video-preview:-1\" \/>\n<link rel=\"canonical\" href=\"https:\/\/hotelveintiuno.com\/en\/sostenibilidad\/\" \/>\n<meta property=\"og:locale\" content=\"en_GB\" \/>\n<meta property=\"og:type\" content=\"article\" \/>\n<meta property=\"og:title\" content=\"Sostenibilidad - Hotel VEINTIUNO | Las Palmas | Web Oficial\" \/>\n<meta property=\"og:description\" content=\"PROYECTO SOSTENIBLE Queremos construir un mundo mejor y por eso apostamos seriamente por todas aquellas acciones encaminadas a conseguirlo. Promovemos un turismo sostenible y defendemos todos aquellos valores de actuaci\u00f3n [&hellip;]\" \/>\n<meta property=\"og:url\" content=\"https:\/\/hotelveintiuno.com\/en\/sostenibilidad\/\" \/>\n<meta property=\"og:site_name\" content=\"Hotel VEINTIUNO | Las Palmas | Web Oficial\" \/>\n<meta property=\"article:modified_time\" content=\"2023-02-12T11:13:17+00:00\" \/>\n<meta property=\"og:image\" content=\"https:\/\/hotelveintiuno.com\/wp-content\/uploads\/2022\/08\/ac78dc509ecf9b5s70.png\" \/>\n<meta name=\"twitter:card\" content=\"summary_large_image\" \/>\n<meta name=\"twitter:label1\" content=\"Estimated reading time\" \/>\n\t<meta name=\"twitter:data1\" content=\"2 minutes\" \/>\n<script type=\"application\/ld+json\" class=\"yoast-schema-graph\">{\"@context\":\"https:\\\/\\\/schema.org\",\"@graph\":[{\"@type\":\"WebPage\",\"@id\":\"https:\\\/\\\/hotelveintiuno.com\\\/es\\\/sostenibilidad\\\/\",\"url\":\"https:\\\/\\\/hotelveintiuno.com\\\/es\\\/sostenibilidad\\\/\",\"name\":\"Sostenibilidad - Hotel VEINTIUNO | Las Palmas | Web Oficial\",\"isPartOf\":{\"@id\":\"https:\\\/\\\/hotelveintiuno.com\\\/es\\\/#website\"},\"primaryImageOfPage\":{\"@id\":\"https:\\\/\\\/hotelveintiuno.com\\\/es\\\/sostenibilidad\\\/#primaryimage\"},\"image\":{\"@id\":\"https:\\\/\\\/hotelveintiuno.com\\\/es\\\/sostenibilidad\\\/#primaryimage\"},\"thumbnailUrl\":\"https:\\\/\\\/hotelveintiuno.com\\\/wp-content\\\/uploads\\\/2022\\\/08\\\/ac78dc509ecf9b5s70.png\",\"datePublished\":\"2022-08-18T12:18:21+00:00\",\"dateModified\":\"2023-02-12T11:13:17+00:00\",\"breadcrumb\":{\"@id\":\"https:\\\/\\\/hotelveintiuno.com\\\/es\\\/sostenibilidad\\\/#breadcrumb\"},\"inLanguage\":\"en-GB\",\"potentialAction\":[{\"@type\":\"ReadAction\",\"target\":[\"https:\\\/\\\/hotelveintiuno.com\\\/es\\\/sostenibilidad\\\/\"]}]},{\"@type\":\"ImageObject\",\"inLanguage\":\"en-GB\",\"@id\":\"https:\\\/\\\/hotelveintiuno.com\\\/es\\\/sostenibilidad\\\/#primaryimage\",\"url\":\"https:\\\/\\\/hotelveintiuno.com\\\/wp-content\\\/uploads\\\/2022\\\/08\\\/ac78dc509ecf9b5s70.png\",\"contentUrl\":\"https:\\\/\\\/hotelveintiuno.com\\\/wp-content\\\/uploads\\\/2022\\\/08\\\/ac78dc509ecf9b5s70.png\"},{\"@type\":\"BreadcrumbList\",\"@id\":\"https:\\\/\\\/hotelveintiuno.com\\\/es\\\/sostenibilidad\\\/#breadcrumb\",\"itemListElement\":[{\"@type\":\"ListItem\",\"position\":1,\"name\":\"Portada\",\"item\":\"https:\\\/\\\/hotelveintiuno.com\\\/es\\\/\"},{\"@type\":\"ListItem\",\"position\":2,\"name\":\"Sostenibilidad\"}]},{\"@type\":\"WebSite\",\"@id\":\"https:\\\/\\\/hotelveintiuno.com\\\/es\\\/#website\",\"url\":\"https:\\\/\\\/hotelveintiuno.com\\\/es\\\/\",\"name\":\"Hotel VEINTIUNO | Las Palmas | Web Oficial\",\"description\":\"Te gustar\u00eda transportarte al siglo XVIII? No dudes en visitar Hotel VEINTIUNO, una hermosa casa colonial reconvertida en hotel Solo Adultos en Las Palmas.\",\"potentialAction\":[{\"@type\":\"SearchAction\",\"target\":{\"@type\":\"EntryPoint\",\"urlTemplate\":\"https:\\\/\\\/hotelveintiuno.com\\\/es\\\/?s={search_term_string}\"},\"query-input\":{\"@type\":\"PropertyValueSpecification\",\"valueRequired\":true,\"valueName\":\"search_term_string\"}}],\"inLanguage\":\"en-GB\"}]}<\/script>\n<!-- \/ Yoast SEO plugin. -->","yoast_head_json":{"title":"Sostenibilidad - Hotel VEINTIUNO | Las Palmas | Web Oficial","robots":{"index":"index","follow":"follow","max-snippet":"max-snippet:-1","max-image-preview":"max-image-preview:large","max-video-preview":"max-video-preview:-1"},"canonical":"https:\/\/hotelveintiuno.com\/en\/sostenibilidad\/","og_locale":"en_GB","og_type":"article","og_title":"Sostenibilidad - Hotel VEINTIUNO | Las Palmas | Web Oficial","og_description":"PROYECTO SOSTENIBLE Queremos construir un mundo mejor y por eso apostamos seriamente por todas aquellas acciones encaminadas a conseguirlo. Promovemos un turismo sostenible y defendemos todos aquellos valores de actuaci\u00f3n [&hellip;]","og_url":"https:\/\/hotelveintiuno.com\/en\/sostenibilidad\/","og_site_name":"Hotel VEINTIUNO | Las Palmas | Web Oficial","article_modified_time":"2023-02-12T11:13:17+00:00","og_image":[{"url":"https:\/\/hotelveintiuno.com\/wp-content\/uploads\/2022\/08\/ac78dc509ecf9b5s70.png","type":"","width":"","height":""}],"twitter_card":"summary_large_image","twitter_misc":{"Estimated reading time":"2 minutes"},"schema":{"@context":"https:\/\/schema.org","@graph":[{"@type":"WebPage","@id":"https:\/\/hotelveintiuno.com\/es\/sostenibilidad\/","url":"https:\/\/hotelveintiuno.com\/es\/sostenibilidad\/","name":"Sostenibilidad - Hotel VEINTIUNO | Las Palmas | Web Oficial","isPartOf":{"@id":"https:\/\/hotelveintiuno.com\/es\/#website"},"primaryImageOfPage":{"@id":"https:\/\/hotelveintiuno.com\/es\/sostenibilidad\/#primaryimage"},"image":{"@id":"https:\/\/hotelveintiuno.com\/es\/sostenibilidad\/#primaryimage"},"thumbnailUrl":"https:\/\/hotelveintiuno.com\/wp-content\/uploads\/2022\/08\/ac78dc509ecf9b5s70.png","datePublished":"2022-08-18T12:18:21+00:00","dateModified":"2023-02-12T11:13:17+00:00","breadcrumb":{"@id":"https:\/\/hotelveintiuno.com\/es\/sostenibilidad\/#breadcrumb"},"inLanguage":"en-GB","potentialAction":[{"@type":"ReadAction","target":["https:\/\/hotelveintiuno.com\/es\/sostenibilidad\/"]}]},{"@type":"ImageObject","inLanguage":"en-GB","@id":"https:\/\/hotelveintiuno.com\/es\/sostenibilidad\/#primaryimage","url":"https:\/\/hotelveintiuno.com\/wp-content\/uploads\/2022\/08\/ac78dc509ecf9b5s70.png","contentUrl":"https:\/\/hotelveintiuno.com\/wp-content\/uploads\/2022\/08\/ac78dc509ecf9b5s70.png"},{"@type":"BreadcrumbList","@id":"https:\/\/hotelveintiuno.com\/es\/sostenibilidad\/#breadcrumb","itemListElement":[{"@type":"ListItem","position":1,"name":"Portada","item":"https:\/\/hotelveintiuno.com\/es\/"},{"@type":"ListItem","position":2,"name":"Sostenibilidad"}]},{"@type":"WebSite","@id":"https:\/\/hotelveintiuno.com\/es\/#website","url":"https:\/\/hotelveintiuno.com\/es\/","name":"Hotel VEINTIUNO | Las Palmas | Web Oficial","description":"Te gustar\u00eda transportarte al siglo XVIII? No dudes en visitar Hotel VEINTIUNO, una hermosa casa colonial reconvertida en hotel Solo Adultos en Las Palmas.","potentialAction":[{"@type":"SearchAction","target":{"@type":"EntryPoint","urlTemplate":"https:\/\/hotelveintiuno.com\/es\/?s={search_term_string}"},"query-input":{"@type":"PropertyValueSpecification","valueRequired":true,"valueName":"search_term_string"}}],"inLanguage":"en-GB"}]}},"_links":{"self":[{"href":"https:\/\/hotelveintiuno.com\/en\/wp-json\/wp\/v2\/pages\/681","targetHints":{"allow":["GET"]}}],"collection":[{"href":"https:\/\/hotelveintiuno.com\/en\/wp-json\/wp\/v2\/pages"}],"about":[{"href":"https:\/\/hotelveintiuno.com\/en\/wp-json\/wp\/v2\/types\/page"}],"author":[{"embeddable":true,"href":"https:\/\/hotelveintiuno.com\/en\/wp-json\/wp\/v2\/users\/2"}],"replies":[{"embeddable":true,"href":"https:\/\/hotelveintiuno.com\/en\/wp-json\/wp\/v2\/comments?post=681"}],"version-history":[{"count":94,"href":"https:\/\/hotelveintiuno.com\/en\/wp-json\/wp\/v2\/pages\/681\/revisions"}],"predecessor-version":[{"id":2114,"href":"https:\/\/hotelveintiuno.com\/en\/wp-json\/wp\/v2\/pages\/681\/revisions\/2114"}],"wp:attachment":[{"href":"https:\/\/hotelveintiuno.com\/en\/wp-json\/wp\/v2\/media?parent=681"}],"curies":[{"name":"wp","href":"https:\/\/api.w.org\/{rel}","templated":true}]}}